{"id":52,"date":"2011-01-06T15:38:03","date_gmt":"2011-01-06T15:38:03","guid":{"rendered":"http:\/\/alexmaja.ee\/alexmaja\/?page_id=52"},"modified":"2024-09-10T11:23:13","modified_gmt":"2024-09-10T11:23:13","slug":"restoran-2","status":"publish","type":"page","link":"http:\/\/alexmaja.ee\/alexmaja\/?page_id=52","title":{"rendered":"Karaoke\/ Baar"},"content":{"rendered":"<div>[photosmash id=4]<\/div>\n<table style=\"width: 896px; height: 368px;\" border=\"0\" cellspacing=\"0\" align=\"center\">\n<tbody>\n<tr>\n<td style=\"width: 900px; height: 100%;\">\n<table style=\"width: 301px; height: 354px;\" border=\"0\" cellspacing=\"0\" align=\"left\">\n<tbody>\n<tr style=\"height: 328px;\">\n<td style=\"background-color: #63493b; width: 174px; height: 328px;\"><span style=\"color: #fff0f5;\">*Hommikus\u00f6\u00f6k 8:00 &#8211; 10:30 (buffet 15\u20ac\/ inimene)<\/span><span style=\"color: #ffffff;\">\u00a0<\/span><\/p>\n<p><img loading=\"lazy\" class=\"aligncenter wp-image-6326 size-thumbnail\" src=\"http:\/\/alexmaja.ee\/alexmaja\/wp-content\/uploads\/2022\/04\/DSC_0207-150x150.jpg\" alt=\"\" width=\"150\" height=\"150\" \/><\/p>\n<div>\n<p><span style=\"color: #fff0f5;\">*Igal kolmap\u00e4eval ja reedel karaoke \u00f5htu 20:00 &#8211; &#8230;<\/span><\/p>\n<p><img loading=\"lazy\" class=\"size-thumbnail wp-image-6327 aligncenter\" src=\"http:\/\/alexmaja.ee\/alexmaja\/wp-content\/uploads\/2022\/04\/DSC_0007-150x150.jpg\" alt=\"\" width=\"150\" height=\"150\" \/><\/p>\n<p><span style=\"color: #ffffff;\">*Lisainfo <span style=\"color: #ffffff;\"><a href=\"mailto:info@alexmaja.ee\"><span style=\"color: #ffffff;\">info@alexmaja.ee<\/span><br \/>\n<\/a><\/span>Tel: 44 61 866<\/span><br \/>\n<span style=\"color: #ffffff;\">Mobiil: 53 484 092<\/span><\/p>\n<\/div>\n<\/td>\n<td style=\"width: 73px; height: 328px;\"><\/td>\n<\/tr>\n<tr style=\"height: 24px;\">\n<td style=\"background-color: #63493b; width: 174px; height: 24px;\"><\/td>\n<td style=\"width: 73px; height: 24px;\"><span style=\"font-family: arial, helvetica, sans-serif;\">\u00a0<\/span><\/td>\n<\/tr>\n<\/tbody>\n<\/table>\n<div><span style=\"font-family: arial, helvetica, sans-serif;\">\u00a0<\/span><\/div>\n<div>\n<p><span style=\"font-family: arial, helvetica, sans-serif; font-size: large;\"><strong><span style=\"color: #003a2e;\">Baar &#8211; Karaoke<\/span><\/strong><\/span><\/p>\n<p><span style=\"color: #000000;\">Pakume <em>buffet<\/em>&#8211; hommikus\u00f6\u00f6ki kell 8.00 &#8211; 10.30.<\/span><\/p>\n<\/div>\n<div style=\"text-align: justify;\"><span style=\"font-family: arial, helvetica, sans-serif; color: #000000; font-size: 12pt;\">Igal kolmap\u00e4eval ja reedel toimub Alex Majas karaoke-\u00f5htu, alates 20.00 kuni hiliste \u00f5htutundideni. Sissep\u00e4\u00e4s on k\u00f5igile tasuta! Suvehooajal toimub karaoke v\u00e4literrassil kuni kella 24.00-ni ja j\u00e4tkub restorani siseruumides.<br \/>\n<\/span><\/div>\n<div style=\"text-align: justify;\"><span style=\"font-family: arial, helvetica, sans-serif; color: #000000; font-size: 12pt;\">\u00a0<\/span><\/div>\n<div style=\"text-align: justify;\"><span style=\"font-size: 12pt; font-family: arial, helvetica, sans-serif; color: #000000;\">Restoran mahutab ca 60 inimest. Suveterrass annab lisaks 100 istekohta.\u00a0<\/span><\/div>\n<div><\/div>\n<div>\n<p><img loading=\"lazy\" class=\"alignnone wp-image-6098 size-medium\" src=\"http:\/\/alexmaja.ee\/alexmaja\/wp-content\/uploads\/2021\/08\/DSC_0012-300x202.jpg\" alt=\"\" width=\"300\" height=\"202\" srcset=\"http:\/\/alexmaja.ee\/alexmaja\/wp-content\/uploads\/2021\/08\/DSC_0012-300x202.jpg 300w, http:\/\/alexmaja.ee\/alexmaja\/wp-content\/uploads\/2021\/08\/DSC_0012-768x516.jpg 768w, http:\/\/alexmaja.ee\/alexmaja\/wp-content\/uploads\/2021\/08\/DSC_0012-272x182.jpg 272w, http:\/\/alexmaja.ee\/alexmaja\/wp-content\/uploads\/2021\/08\/DSC_0012.jpg 978w\" sizes=\"(max-width: 300px) 100vw, 300px\" \/><\/p>\n<p><strong style=\"color: #003300; font-size: inherit; text-align: center; font-family: inherit;\">Maja ehteks on s\u00f5brad, kes seda k\u00fclastavad!\u00a0<\/strong><\/p>\n<\/div>\n<\/td>\n<\/tr>\n<\/tbody>\n<\/table>\n","protected":false},"excerpt":{"rendered":"<p>[photosmash id=4] *Hommikus\u00f6\u00f6k 8:00 &#8211; 10:30 (buffet 15\u20ac\/ inimene)\u00a0 *Igal kolmap\u00e4eval ja reedel karaoke \u00f5htu 20:00 &#8211; &#8230; *Lisainfo info@alexmaja.ee Tel: 44 61 866 Mobiil: 53 484 092 \u00a0 \u00a0 Baar &#8211; Karaoke Pakume buffet&#8211; hommikus\u00f6\u00f6ki kell 8.00 &#8211; 10.30. &hellip; <a href=\"http:\/\/alexmaja.ee\/alexmaja\/?page_id=52\">J\u00e4tka lugemist <span class=\"meta-nav\">&rarr;<\/span><\/a><\/p>\n","protected":false},"author":4,"featured_media":0,"parent":0,"menu_order":3,"comment_status":"closed","ping_status":"closed","template":"","meta":[],"_links":{"self":[{"href":"http:\/\/alexmaja.ee\/alexmaja\/index.php?rest_route=\/wp\/v2\/pages\/52"}],"collection":[{"href":"http:\/\/alexmaja.ee\/alexmaja\/index.php?rest_route=\/wp\/v2\/pages"}],"about":[{"href":"http:\/\/alexmaja.ee\/alexmaja\/index.php?rest_route=\/wp\/v2\/types\/page"}],"author":[{"embeddable":true,"href":"http:\/\/alexmaja.ee\/alexmaja\/index.php?rest_route=\/wp\/v2\/users\/4"}],"replies":[{"embeddable":true,"href":"http:\/\/alexmaja.ee\/alexmaja\/index.php?rest_route=%2Fwp%2Fv2%2Fcomments&post=52"}],"version-history":[{"count":122,"href":"http:\/\/alexmaja.ee\/alexmaja\/index.php?rest_route=\/wp\/v2\/pages\/52\/revisions"}],"predecessor-version":[{"id":6595,"href":"http:\/\/alexmaja.ee\/alexmaja\/index.php?rest_route=\/wp\/v2\/pages\/52\/revisions\/6595"}],"wp:attachment":[{"href":"http:\/\/alexmaja.ee\/alexmaja\/index.php?rest_route=%2Fwp%2Fv2%2Fmedia&parent=52"}],"curies":[{"name":"wp","href":"https:\/\/api.w.org\/{rel}","templated":true}]}}