{"id":1273,"date":"2011-02-01T14:07:09","date_gmt":"2011-02-01T14:07:09","guid":{"rendered":"http:\/\/alexmaja.ee\/alexmaja\/?page_id=1273"},"modified":"2021-08-18T16:25:37","modified_gmt":"2021-08-18T16:25:37","slug":"1273-2","status":"publish","type":"page","link":"http:\/\/alexmaja.ee\/alexmaja\/?page_id=1273&amp;lang=fi","title":{"rendered":"Tilaus!"},"content":{"rendered":"<table style=\"width: 900px; height: 100%;\" border=\"0\" cellspacing=\"0\" align=\"center\">\n<tbody>\n<tr>\n<td style=\"width: 900px; height: 100%;\">\n<table style=\"width: 870px; height: 316px;\" border=\"0\" cellspacing=\"0\" align=\"left\">\n<tbody>\n<tr>\n<td width=\"287\"><span style=\"font-family: georgia, serif; color: #000000;\"><span style=\"font-family: georgia, serif;\"><span style=\"font-size: 14px;\">HUOM! T\u00e4\u00e4lt\u00e4 sivulta l\u00e4hetty tilaus ei ole varsinainen varaus vaan varauspyynt\u00f6! L\u00e4het\u00e4mme 24 tunnin kuluessa varausvahvistuksen tai otamme yhteytt\u00e4!\u00a0<\/span><\/span><\/span><\/p>\n<p><span style=\"color: #000000;\">Jos tarvitset useampia huoneita, k\u00e4yt\u00e4 &#8220;Lis\u00e4tiedot&#8221;-kentt\u00e4\u00e4.<\/span><\/td>\n<td width=\"1\"><\/td>\n<td style=\"width: 550px; height: 100%;\"><span lang=\"EN\">\n\n<!-- Fast Secure Contact Form plugin 4.0.45 - begin - FastSecureContactForm.com -->\r\n<div style=\"clear:both;\"><\/div>\n<p style=\"color:black;\">Tilaus!<\/p>\r\n<div id=\"FSContact6\" style=\"width:99%; max-width:555px;\">\r\n<form action=\"http:\/\/alexmaja.ee\/alexmaja\/?lang=fi%2Findex.php&#038;rest_route=%2Fwp%2Fv2%2Fpages%2F1273#FSContact6\" id=\"fscf_form6\" method=\"post\">\r\n\n<div id=\"fscf_div_clear6_4\" style=\"clear:both;\">\n  <div id=\"fscf_div_field6_4\" style=\"clear:left; float:left; width:99%; max-width:550px; margin-right:10px;\">\n    <div  id=\"fscf_label6_4\" style=\"text-align:left; padding-top:5px;\">\r\n      <label style=\"text-align:left; color:#181515;\" for=\"fscf_field6_4\">Etunimi, Sukunimi:<span style=\"text-align:left;\">*<\/span><\/label>\n    <\/div>\n    <div style=\"text-align:left;\">\n      <input style=\"text-align:left; margin:0; width:99%; max-width:250px;\" type=\"text\" id=\"fscf_field6_4\" name=\"etunimi-sukunimi\" value=\"\"  \/>\n    <\/div>\n  <\/div>\n<\/div>\n\n<div id=\"fscf_div_clear6_6\" style=\"clear:both;\">\n  <div id=\"fscf_div_field6_6\" style=\"clear:left; float:left; width:99%; max-width:550px; margin-right:10px;\">\n    <div  id=\"fscf_label6_6\" style=\"text-align:left; padding-top:5px;\">\r\n      <label style=\"text-align:left; color:#181515;\" for=\"fscf_field6_6\">S\u00e4hk\u00f6posti:<span style=\"text-align:left;\">*<\/span><\/label>\n    <\/div>\n    <div style=\"text-align:left;\">\n      <input style=\"text-align:left; margin:0; width:99%; max-width:250px;\" type=\"email\" id=\"fscf_field6_6\" name=\"sahkoposti\" value=\"\"  \/>\n    <\/div>\n  <\/div>\n<\/div>\n\n<div id=\"fscf_div_clear6_7\" style=\"clear:both;\">\n  <div id=\"fscf_div_field6_7\" style=\"clear:left; float:left; width:99%; max-width:550px; margin-right:10px;\">\n    <div  id=\"fscf_label6_7\" style=\"text-align:left; padding-top:5px;\">\r\n      <label style=\"text-align:left; color:#181515;\" for=\"fscf_field6_7\">Puhelin:<span style=\"text-align:left;\">*<\/span><\/label>\n    <\/div>\n    <div style=\"text-align:left;\">\n      <input style=\"text-align:left; margin:0; width:99%; max-width:250px;\" type=\"text\" id=\"fscf_field6_7\" name=\"puhelin\" value=\"\"  \/>\n    <\/div>\n  <\/div>\n<\/div>\n\n<div id=\"fscf_div_clear6_8\" style=\"clear:both;\">\n  <div id=\"fscf_div_field6_8\" style=\"clear:left; float:left; width:99%; max-width:550px; margin-right:10px;\">\n    <div  id=\"fscf_label6_8\" style=\"text-align:left; padding-top:5px;\">\r\n      <label style=\"text-align:left; color:#181515;\" for=\"fscf_field6_8\">Maa<span style=\"text-align:left;\">*<\/span><\/label>\n    <\/div>\n    <div style=\"text-align:left;\">\n      <input style=\"text-align:left; margin:0; width:99%; max-width:250px;\" type=\"text\" id=\"fscf_field6_8\" name=\"maa\" value=\"\"  \/>\n    <\/div>\n  <\/div>\n<\/div>\n\n<div id=\"fscf_div_clear6_9\" style=\"clear:both;\">\n  <div id=\"fscf_div_field6_9\" style=\"clear:left; float:left; width:99%; max-width:550px; margin-right:10px;\">\n    <div  id=\"fscf_label6_9\" style=\"text-align:left; padding-top:5px;\">\r\n      <label style=\"text-align:left; color:#181515;\" for=\"fscf_field6_9\">Saapumisp\u00e4iva:<span style=\"text-align:left;\">*<\/span><\/label>\n    <\/div>\n    <div style=\"text-align:left;\">\n      <input style=\"text-align:left; margin:0; width:99%; max-width:250px;\" type=\"text\" id=\"fscf_field6_9\" name=\"saapumispaiva\" value=\"dd\/mm\/yyyy\"  size=\"15\"  \/>\n    <\/div>\n  <\/div>\n<\/div>\n\n<div id=\"fscf_div_clear6_10\" style=\"clear:both;\">\n  <div id=\"fscf_div_field6_10\" style=\"clear:left; float:left; width:99%; max-width:550px; margin-right:10px;\">\n    <div  id=\"fscf_label6_10\" style=\"text-align:left; padding-top:5px;\">\r\n      <label style=\"text-align:left; color:#181515;\" for=\"fscf_field6_10\">L\u00e4ht\u00f6p\u00e4iva:<span style=\"text-align:left;\">*<\/span><\/label>\n    <\/div>\n    <div style=\"text-align:left;\">\n      <input style=\"text-align:left; margin:0; width:99%; max-width:250px;\" type=\"text\" id=\"fscf_field6_10\" name=\"lahtopaiva\" value=\"dd\/mm\/yyyy\"  size=\"15\"  \/>\n    <\/div>\n  <\/div>\n<\/div>\n\n<div id=\"fscf_div_clear6_5\" style=\"clear:both;\">\n  <div id=\"fscf_div_field6_5\" style=\"clear:left; float:left; width:99%; max-width:550px; margin-right:10px;\">\n    <div  id=\"fscf_label6_5\" style=\"text-align:left; padding-top:5px;\">\r\n      <label style=\"text-align:left; color:#181515;\" for=\"fscf_field6_5\">Huonetyyppi:<span style=\"text-align:left;\">*<\/span><\/label>\n    <\/div>\n    <div style=\"text-align:left;\">\n      <select style=\"text-align:left;\" id=\"fscf_field6_5\" name=\"huonetyyppi[]\">\n        <option value=\"1\">Yhden hengen huone<\/option>\n        <option value=\"2\">Kahden hengen huone<\/option>\n        <option value=\"3\">Junior Sviitti<\/option>\n        <option value=\"4\">Penthouse<\/option>\n        <option value=\"5\">Asunto saunalla<\/option>\n        <option value=\"6\">Sviitti saunalla ja poreammella<\/option>\n      <\/select>\n    <\/div>\n  <\/div>\n<\/div>\n\n<div id=\"fscf_div_clear6_12\" style=\"clear:both;\">\n  <div id=\"fscf_div_field6_12\" style=\"clear:left; float:left; width:99%; max-width:550px; margin-right:10px;\">\n    <div  id=\"fscf_label6_12\" style=\"text-align:left; padding-top:5px;\">\r\n      <label style=\"text-align:left; color:#181515;\" for=\"fscf_field6_12\">Lis\u00e4tiedot:<\/label>\n    <\/div>\n    <div style=\"text-align:left;\">\n      <textarea style=\"text-align:left; margin:0; width:99%; max-width:250px; height:120px;\" id=\"fscf_field6_12\" name=\"lisatiedot\" cols=\"30\" rows=\"10\" ><\/textarea>\n    <\/div>\n  <\/div>\n<\/div>\r\n<div style=\"clear:both;\"><\/div>\n\n<div id=\"fscf_submit_div6\" style=\"text-align:left; clear:both; padding-top:15px;\">\r\n\t\t<input type=\"submit\" id=\"fscf_submit6\" style=\"cursor:pointer; margin:0;\" value=\"L\u00e4het\u00e4\"  onclick=\"this.disabled=true; this.value='Submitting...'; this.form.submit();\" \/> \n<\/div>\n\n<input type=\"hidden\" name=\"fscf_submitted\" value=\"0\" \/>\n<input type=\"hidden\" name=\"fs_postonce_6\" value=\"0e1c1975a4e25f698d698f334274ddb1,1777183005\" \/>\n<input type=\"hidden\" name=\"si_contact_action\" value=\"send\" \/>\n<input type=\"hidden\" name=\"form_id\" value=\"6\" \/>\n<input type=\"hidden\" name=\"mailto_id\" value=\"1\" \/>\n\n<\/form>\n<\/div>\r\n<div style=\"clear:both;\"><\/div>\n\n<!-- Fast Secure Contact Form plugin 4.0.45 - end - FastSecureContactForm.com -->\n<\/span><\/td>\n<\/tr>\n<\/tbody>\n<\/table>\n<\/td>\n<\/tr>\n<\/tbody>\n<\/table>\n","protected":false},"excerpt":{"rendered":"<p>HUOM! T\u00e4\u00e4lt\u00e4 sivulta l\u00e4hetty tilaus ei ole varsinainen varaus vaan varauspyynt\u00f6! L\u00e4het\u00e4mme 24 tunnin kuluessa varausvahvistuksen tai otamme yhteytt\u00e4!\u00a0 Jos tarvitset useampia huoneita, k\u00e4yt\u00e4 &#8220;Lis\u00e4tiedot&#8221;-kentt\u00e4\u00e4.<\/p>\n","protected":false},"author":2,"featured_media":0,"parent":251,"menu_order":5,"comment_status":"closed","ping_status":"closed","template":"","meta":[],"_links":{"self":[{"href":"http:\/\/alexmaja.ee\/alexmaja\/index.php?rest_route=\/wp\/v2\/pages\/1273"}],"collection":[{"href":"http:\/\/alexmaja.ee\/alexmaja\/index.php?rest_route=\/wp\/v2\/pages"}],"about":[{"href":"http:\/\/alexmaja.ee\/alexmaja\/index.php?rest_route=\/wp\/v2\/types\/page"}],"author":[{"embeddable":true,"href":"http:\/\/alexmaja.ee\/alexmaja\/index.php?rest_route=\/wp\/v2\/users\/2"}],"replies":[{"embeddable":true,"href":"http:\/\/alexmaja.ee\/alexmaja\/index.php?rest_route=%2Fwp%2Fv2%2Fcomments&post=1273"}],"version-history":[{"count":20,"href":"http:\/\/alexmaja.ee\/alexmaja\/index.php?rest_route=\/wp\/v2\/pages\/1273\/revisions"}],"predecessor-version":[{"id":6120,"href":"http:\/\/alexmaja.ee\/alexmaja\/index.php?rest_route=\/wp\/v2\/pages\/1273\/revisions\/6120"}],"up":[{"embeddable":true,"href":"http:\/\/alexmaja.ee\/alexmaja\/index.php?rest_route=\/wp\/v2\/pages\/251"}],"wp:attachment":[{"href":"http:\/\/alexmaja.ee\/alexmaja\/index.php?rest_route=%2Fwp%2Fv2%2Fmedia&parent=1273"}],"curies":[{"name":"wp","href":"https:\/\/api.w.org\/{rel}","templated":true}]}}