{"id":243,"date":"2011-01-15T11:29:27","date_gmt":"2011-01-15T11:29:27","guid":{"rendered":"http:\/\/alexmaja.ee\/alexmaja\/?page_id=243"},"modified":"2025-06-05T12:32:44","modified_gmt":"2025-06-05T12:32:44","slug":"uutiset","status":"publish","type":"page","link":"http:\/\/alexmaja.ee\/alexmaja\/?page_id=243&amp;lang=fi","title":{"rendered":"Etusivu"},"content":{"rendered":"<table style=\"width: 104.596%; height: 897px;\" border=\"0\" cellspacing=\"0\" align=\"center\">\n<tbody>\n<tr style=\"height: 972px;\">\n<td style=\"height: 897px; width: 33.1454%;\" align=\"left\" valign=\"top\">\n<table style=\"width: 93.9279%; height: 942px;\" border=\"0\" cellspacing=\"0\" align=\"left\">\n<tbody>\n<tr style=\"height: 932px;\">\n<td style=\"background-color: #63493b; height: 932px;\" width=\"287\">\n<p style=\"text-align: center;\"><span style=\"color: #ffffff;\"><strong><img loading=\"lazy\" class=\"aligncenter size-thumbnail wp-image-152\" title=\"Alexmaja\" src=\"http:\/\/alexmaja.ee\/alexmaja\/wp-content\/uploads\/2011\/01\/5page-img11-150x133.png\" alt=\"\" width=\"150\" height=\"133\" \/><\/strong><\/span><\/p>\n<p style=\"text-align: center;\"><span style=\"color: #ffffff;\">\u00a0<a style=\"color: #ffffff;\" href=\"http:\/\/alexmaja.ee\/alexmaja\/?page_id=1346&amp;amp;lang=fi\">HISTORIA<\/a><\/span><\/p>\n<p style=\"text-align: center;\"><a title=\"Hinnat\/Huoneet\" href=\"http:\/\/alexmaja.ee\/alexmaja\/?page_id=275&amp;lang=fi\"><span style=\"color: #ffffff;\">HUONET &amp; HINNAT<\/span><\/a><\/p>\n<p style=\"text-align: center;\"><a href=\"http:\/\/alexmaja.ee\/alexmaja\/?page_id=2492\"><span style=\"color: #ffffff;\">GALLERIA<\/span><\/a><\/p>\n<table style=\"width: 102.216%; height: 521px;\" border=\"0\" cellspacing=\"1\" cellpadding=\"1\">\n<tbody>\n<tr style=\"height: 204px;\">\n<td style=\"text-align: left; height: 204px; width: 102.58%;\"><a href=\"http:\/\/alexmaja.ee\/alexmaja\/wp-content\/uploads\/2011\/01\/Karaoke-13.jpg\" rel=\"lightbox[243]\"><img loading=\"lazy\" class=\"aligncenter wp-image-1107\" src=\"http:\/\/alexmaja.ee\/alexmaja\/wp-content\/uploads\/2011\/01\/Karaoke-13-150x150.jpg\" alt=\"Karaoke\" width=\"120\" height=\"120\" \/><\/a><span style=\"color: #ffffff; font-family: 'book antiqua', palatino; font-size: small;\">Keskkiviikoisin ja perjantaisin suomalainen karaoke!<br \/>\n<\/span><span style=\"color: #ffffff; font-family: 'book antiqua', palatino; font-size: small;\"><span style=\"color: #ffffff; font-family: 'book antiqua', palatino; font-size: small;\">Alkaen kello 20.00<br \/>\nIlmainen sis\u00e4\u00e4np\u00e4\u00e4sy!\u00a0<\/span><\/span><\/td>\n<td style=\"text-align: left; height: 204px; width: 7.19861%;\"><\/td>\n<\/tr>\n<tr style=\"height: 204px;\">\n<td style=\"height: 204px; width: 102.58%;\"><span style=\"color: #ffffff;\"><a href=\"https:\/\/www.facebook.com\/pages\/Hotel-Alex-Maja\/159722900719603?fref=ts\" target=\"_blank\" rel=\"noopener noreferrer\"><img loading=\"lazy\" class=\"size-full wp-image-335 alignleft\" src=\"http:\/\/alexmaja.ee\/alexmaja\/wp-content\/uploads\/2011\/01\/fb.gif\" alt=\"Find us in Facebook\" width=\"30\" height=\"30\" \/><\/a><\/span><span style=\"color: #ffffff;\"><span style=\"color: #ffffff;\"><a href=\"https:\/\/www.facebook.com\/alex.maja.31?fref=ts\" target=\"_blank\" rel=\"noopener noreferrer\"><span style=\"color: #ffffff;\">Alex Maja Facebookissa!<\/span><\/a><\/span><\/span><\/p>\n<p><img loading=\"lazy\" class=\"wp-image-6021 alignnone\" src=\"http:\/\/alexmaja.ee\/alexmaja\/wp-content\/uploads\/2021\/08\/instagram-small-icon-12-150x150.png\" alt=\"\" width=\"32\" height=\"32\" srcset=\"http:\/\/alexmaja.ee\/alexmaja\/wp-content\/uploads\/2021\/08\/instagram-small-icon-12-150x150.png 150w, http:\/\/alexmaja.ee\/alexmaja\/wp-content\/uploads\/2021\/08\/instagram-small-icon-12-300x300.png 300w, http:\/\/alexmaja.ee\/alexmaja\/wp-content\/uploads\/2021\/08\/instagram-small-icon-12.png 768w\" sizes=\"(max-width: 32px) 100vw, 32px\" \/><a href=\"https:\/\/www.instagram.com\/hotel_alexmaja\/\" target=\"_blank\" rel=\"noopener\"><span style=\"color: #ffffff;\"> L\u00f6yd\u00e4\u00e4 meit\u00e4 my\u00f6s Instagramista!<\/span><\/a><\/td>\n<td style=\"text-align: left; height: 204px; width: 7.19861%;\"><\/td>\n<\/tr>\n<tr style=\"height: 79px;\">\n<td style=\"text-align: left; height: 79px; width: 102.58%;\"><a href=\"http:\/\/kultuur.parnu.ee\/avaleht\/\" target=\"_blank\" rel=\"noopener noreferrer\"><img loading=\"lazy\" class=\" wp-image-1848 alignleft\" src=\"http:\/\/alexmaja.ee\/alexmaja\/wp-content\/uploads\/2011\/01\/parnu.jpg\" alt=\"parnu\" width=\"59\" height=\"59\" \/><\/a><span style=\"color: #ffffff;\"><a href=\"http:\/\/kultuur.parnu.ee\/avaleht\/\" target=\"_blank\" rel=\"noopener noreferrer\"><span style=\"color: #ffffff;\">\u00a0Kultuurikalenteri<\/span><\/a><\/span><span style=\"color: #ffffff;\"><br \/>\n<\/span><\/td>\n<td style=\"height: 79px; width: 7.19861%;\"><\/td>\n<\/tr>\n<tr style=\"height: 24px;\">\n<td style=\"height: 24px; width: 102.58%;\"><\/td>\n<td style=\"text-align: left; height: 24px; width: 7.19861%;\"><\/td>\n<\/tr>\n<tr style=\"height: 10px;\">\n<td style=\"height: 10px; width: 102.58%;\"><\/td>\n<td style=\"text-align: left; height: 10px; width: 7.19861%;\"><\/td>\n<\/tr>\n<\/tbody>\n<\/table>\n<p><span style=\"color: #ffffff;\">\u00a0<\/span><\/td>\n<\/tr>\n<tr style=\"height: 10px;\">\n<td style=\"height: 10px;\" height=\"65\"><\/td>\n<\/tr>\n<\/tbody>\n<\/table>\n<\/td>\n<td style=\"width: 66.6322%; height: 897px;\">\n<table style=\"width: 94.2248%; height: 966px;\" border=\"0\" cellspacing=\"0\" align=\"left\">\n<tbody>\n<tr style=\"height: 10px;\">\n<td style=\"padding: 0px; width: 100%; height: 10px;\">\n<table style=\"width: 97.9199%; height: 681px;\" border=\"0\" cellspacing=\"1\" cellpadding=\"1\" align=\"center\">\n<tbody>\n<tr style=\"height: 562px;\">\n<td style=\"height: 344px; width: 100%;\"><strong style=\"color: #000000; font-size: inherit; font-family: inherit;\"><span style=\"font-size: x-large;\"><span style=\"color: #003300;\">Tervetuloa\u00a0Alex Majaan!<\/span><\/span><\/strong><\/p>\n<p><span style=\"color: #000000;\">Hallituksia on tullut ja mennyt, mutta Kuninga katu P\u00e4rnun vanhassa kaupungissa, jossa my\u00f6s Alex Maja hotelli sijaitsee, on s\u00e4ilytt\u00e4nyt oman paikkansa ja vuosisatoja vanhan ulkon\u00e4k\u00f6ns\u00e4. Kuninga kadusta on tullut n\u00e4ht\u00e4vyys, jossa on kaksi puistoa, kaksi kirkkoa sek\u00e4 kymmeni\u00e4 baareja ja ravintoloita.<\/span><br \/>\n<span style=\"color: #000000;\">Alex Majan hyvin varustellut, suuret huoneet takaavat nautittavan loma- tai ty\u00f6matkan.<br \/>\nJoka keskiviikko ja perjantai baarissa Suomalainen karaoke. Kes\u00e4isin alkaa karaoke kello 20 terassilla ja siirtyy 23 j\u00e4lkeen sis\u00e4tiloihin.<br \/>\n<\/span><span style=\"color: #000000;\">P\u00e4rnun kompaktissa kaupungissa ostoskeskukset, p\u00e4\u00e4katu, ravintolat, y\u00f6kerhot, tori, teatteri, konserttitalo, museot sek\u00e4 satama, sijaitsevat kaikki 500 m s\u00e4teell\u00e4.<\/span><br \/>\n<span style=\"color: #000000;\"> Hotellissa on Wi-Fi yhteys ja ilmainen parkki.<\/span><\/p>\n<p style=\"text-align: justify;\"><span style=\"color: #000000;\">Palvelemme sinua suomen kielell\u00e4!<\/span><\/p>\n<\/td>\n<\/tr>\n<tr style=\"height: 10px;\">\n<td style=\"height: 10px; width: 100%;\"><span style=\"color: #000000;\"><img loading=\"lazy\" style=\"width: 524px; height: 2px;\" src=\"http:\/\/alexmaja.ee\/alexmaja\/wp-content\/uploads\/image\/horisantaal(1).png\" alt=\"\" width=\"528\" height=\"1\" \/><\/span><\/td>\n<\/tr>\n<\/tbody>\n<\/table>\n<table style=\"width: 100%; height: 10px;\" border=\"0\" cellspacing=\"0\">\n<tbody>\n<tr style=\"height: 10px;\" valign=\"top\">\n<td style=\"width: 264px; height: 10px;\"><span style=\"color: #000000;\"><span style=\"font-size: large;\"><strong><span style=\"color: #003300;\">Varaamme:<\/span><br \/>\n<\/strong><\/span><span style=\"font-family: georgia, palatino; font-size: small;\">-busseja<\/span><\/span><br \/>\n<span style=\"font-family: georgia, palatino; font-size: small; color: #000000;\"> -golfia, tennist\u00e4<\/span><br \/>\n<span style=\"font-family: georgia, palatino; font-size: small; color: #000000;\"> -mets\u00e4stysretki\u00e4<\/span><br \/>\n<span style=\"font-family: georgia, palatino; font-size: small; color: #000000;\"> -kylpyl\u00e4lippuja<br \/>\n<\/span><span style=\"color: #000000; font-family: georgia, palatino; font-size: small;\">\u2666 Kauneushoitolasta 10-15% alennus hotellin asiakkaille<br \/>\n<\/span><span style=\"font-size: 12px; color: #000000;\">\u2666 Auton parkkipaikka sis\u00e4ltyy hintaan!<\/span><span style=\"font-family: georgia,serif;\"><span style=\"font-size: 12px;\"><span style=\"color: #000000;\"><span style=\"display: none;\">\u00a0<\/span><\/span><\/span><\/span><span style=\"color: #000000;\"><span style=\"font-size: 11px;\"><span style=\"display: none;\"><span style=\"color: black; line-height: 115%; font-size: 11pt;\">\u2666<\/span><span style=\"color: black; line-height: 115%; font-size: 11pt;\">\u00a0 Kodulehe kaudu broneeringud \u2013 10 %<br \/>\n<\/span><span style=\"color: black; line-height: 115%; font-size: 11pt;\">\u2666<\/span><span style=\"color: black; line-height: 115%; font-size: 11pt;\">\u00a0 20% ale kui peatute hotellis 3+ \u00f6\u00f6d<br \/>\n<\/span><span style=\"color: black; line-height: 115%; font-size: 11pt;\">\u2666<\/span><span style=\"color: black; line-height: 115%; font-size: 11pt;\">\u00a0 Ilusalongis hotelli k\u00fclalistele ale\u00a010 \u2013 15%<br \/>\n<\/span><span style=\"color: black; line-height: 115%; font-size: 11pt;\">\u2666<\/span><span style=\"color: black; line-height: 115%; font-size: 11pt;\">\u00a0 Kogu hotelli pakkumised veelgi soodsamad!<br \/>\nK\u00fcsi julgelt<br \/>\n<\/span><span style=\"color: black; line-height: 115%; font-size: 11pt;\">\u2666<\/span><span style=\"color: black; line-height: 115%; font-size: 11pt;\">\u00a0 Valentinikuu pakkumised veebruaris <\/span><span style=\"color: black; line-height: 115%; font-size: 11pt;\"><img loading=\"lazy\" src=\"file:\/\/\/C:\\Users\\Kasutaja\\AppData\\Local\\Temp\\msohtmlclip1\\01\\clip_image001.gif\" alt=\"http:\/\/alexmaja.ee\/alexmaja\/wp-content\/plugins\/fckeditor-for-wordpress-plugin\/ckeditor\/plugins\/smiley\/images\/heart.gif\" width=\"20\" height=\"20\" \/><\/span><span style=\"color: black; line-height: 115%; font-size: 11pt;\"><br \/>\n<\/span><span style=\"color: black; line-height: 115%; font-size: 11pt;\">\u2666<\/span><span style=\"color: black; line-height: 115%; font-size: 11pt;\">\u00a0 V\u00e4rske \u00c4rip\u00e4ev igal hommikul saadaval<br \/>\n<\/span><span style=\"color: black; line-height: 115%; font-size: 11pt;\">\u2666<\/span><span style=\"color: black; line-height: 115%; font-size: 11pt;\">\u00a0 Auto parkimine tasuta\u00a0<\/span>\u00a0<span style=\"color: black; line-height: 115%;\">\u2666<\/span><span style=\"color: black; line-height: 115%;\">\u00a0 Kodulehe kaudu broneeringud \u2013 10 %<br \/>\n<\/span><span style=\"color: black; line-height: 115%;\">\u2666<\/span><span style=\"color: black; line-height: 115%;\">\u00a0 20% ale kui peatute hotellis 3+ \u00f6\u00f6d<br \/>\n<\/span><span style=\"color: black; line-height: 115%;\">\u2666<\/span><span style=\"color: black; line-height: 115%;\">\u00a0 Ilusalongis hotelli k\u00fclalistele ale\u00a010 \u2013 15%<br \/>\n<\/span><span style=\"color: black; line-height: 115%;\">\u2666<\/span><span style=\"color: black; line-height: 115%;\">\u00a0 Kogu hotelli pakkumised veelgi soodsamad!<br \/>\nK\u00fcsi julgelt<br \/>\n<span style=\"display: none;\">\u00a0<\/span><\/span><span style=\"color: black; line-height: 115%;\">\u2666<\/span><span style=\"color: black; line-height: 115%;\">\u00a0 Valentinikuu pakkumised veebruaris <\/span><span style=\"color: black; line-height: 115%;\"><img loading=\"lazy\" src=\"file:\/\/\/C:\\Users\\Kasutaja\\AppData\\Local\\Temp\\msohtmlclip1\\01\\clip_image001.gif\" alt=\"http:\/\/alexmaja.ee\/alexmaja\/wp-content\/plugins\/fckeditor-for-wordpress-plugin\/ckeditor\/plugins\/smiley\/images\/heart.gif\" width=\"20\" height=\"20\" \/><\/span><span style=\"color: black; line-height: 115%;\"><br \/>\n<\/span><span style=\"color: black; line-height: 115%;\">\u2666<\/span><span style=\"color: black; line-height: 115%;\">\u00a0 V\u00e4rske \u00c4rip\u00e4ev igal hommikul saadaval<br \/>\n<\/span><span style=\"color: black; line-height: 115%;\">\u2666<\/span><span style=\"color: black; line-height: 115%;\">\u00a0 Auto parkimine tasuta\u00a0<\/span><\/span><\/span><\/span><\/td>\n<td style=\"padding: 6px 0px; width: 1px; height: 10px; background-color: #4d3525;\"><\/td>\n<td style=\"width: 264px; height: 10px;\"><span style=\"font-size: large;\"><span style=\"color: #003300;\">\u00a0<\/span><strong><span style=\"color: #003a2e;\"><span style=\"color: #003300;\">Sijainti<\/span><br \/>\n<\/span><\/strong><\/span><span style=\"font-size: 12px;\"><span style=\"color: #000000;\">Odotamme sinua P\u00e4rnun vanhan kaupungin keskustassa. <\/span><\/span><span style=\"font-size: 12px;\"><span style=\"color: #000000;\">Osoite: Kuninga 20, P\u00e4rnu 80010<\/span><\/span><br \/>\n<span style=\"font-size: 12px;\"><span style=\"color: #000000;\">Puh. +372 44 61 866<br \/>\nFax:\u00a0\u00a0\u00a0\u00a0\u00a0\u00a0\u00a0 +372\u00a0\u00a044 61 867<br \/>\nMobiili:\u00a0\u00a0 +372 53 484 092<br \/>\nE-mail: <a href=\"mailto:info@alexmaja.ee\">info@alexmaja.ee<\/a><\/span><\/span><\/td>\n<\/tr>\n<\/tbody>\n<\/table>\n<\/td>\n<\/tr>\n<\/tbody>\n<\/table>\n<\/td>\n<\/tr>\n<\/tbody>\n<\/table>\n","protected":false},"excerpt":{"rendered":"<p>\u00a0HISTORIA HUONET &amp; HINNAT GALLERIA Keskkiviikoisin ja perjantaisin suomalainen karaoke! Alkaen kello 20.00 Ilmainen sis\u00e4\u00e4np\u00e4\u00e4sy!\u00a0 Alex Maja Facebookissa! L\u00f6yd\u00e4\u00e4 meit\u00e4 my\u00f6s Instagramista! \u00a0Kultuurikalenteri \u00a0 Tervetuloa\u00a0Alex Majaan! Hallituksia on tullut ja mennyt, mutta Kuninga katu P\u00e4rnun vanhassa kaupungissa, jossa my\u00f6s Alex &hellip; <a href=\"http:\/\/alexmaja.ee\/alexmaja\/?page_id=243&amp;lang=fi\">J\u00e4tka lugemist <span class=\"meta-nav\">&rarr;<\/span><\/a><\/p>\n","protected":false},"author":4,"featured_media":0,"parent":0,"menu_order":0,"comment_status":"closed","ping_status":"closed","template":"","meta":[],"_links":{"self":[{"href":"http:\/\/alexmaja.ee\/alexmaja\/index.php?rest_route=\/wp\/v2\/pages\/243"}],"collection":[{"href":"http:\/\/alexmaja.ee\/alexmaja\/index.php?rest_route=\/wp\/v2\/pages"}],"about":[{"href":"http:\/\/alexmaja.ee\/alexmaja\/index.php?rest_route=\/wp\/v2\/types\/page"}],"author":[{"embeddable":true,"href":"http:\/\/alexmaja.ee\/alexmaja\/index.php?rest_route=\/wp\/v2\/users\/4"}],"replies":[{"embeddable":true,"href":"http:\/\/alexmaja.ee\/alexmaja\/index.php?rest_route=%2Fwp%2Fv2%2Fcomments&post=243"}],"version-history":[{"count":123,"href":"http:\/\/alexmaja.ee\/alexmaja\/index.php?rest_route=\/wp\/v2\/pages\/243\/revisions"}],"predecessor-version":[{"id":6669,"href":"http:\/\/alexmaja.ee\/alexmaja\/index.php?rest_route=\/wp\/v2\/pages\/243\/revisions\/6669"}],"wp:attachment":[{"href":"http:\/\/alexmaja.ee\/alexmaja\/index.php?rest_route=%2Fwp%2Fv2%2Fmedia&parent=243"}],"curies":[{"name":"wp","href":"https:\/\/api.w.org\/{rel}","templated":true}]}}