{"id":263,"date":"2011-01-15T11:36:31","date_gmt":"2011-01-15T11:36:31","guid":{"rendered":"http:\/\/alexmaja.ee\/alexmaja\/?page_id=263"},"modified":"2024-09-10T11:32:37","modified_gmt":"2024-09-10T11:32:37","slug":"kauneushoitola","status":"publish","type":"page","link":"http:\/\/alexmaja.ee\/alexmaja\/?page_id=263&amp;lang=fi","title":{"rendered":"Kauneushoitola"},"content":{"rendered":"<table style=\"width: 900px; height: 100%;\" border=\"0\" cellspacing=\"0\" align=\"center\">\n<tbody>\n<tr>\n<td style=\"width: 900px; height: 100%;\">\n<table id=\"linkID1\" style=\"width: 300px; height: 316px;\" border=\"0\" cellspacing=\"0\" align=\"left\">\n<tbody>\n<tr>\n<td style=\"text-align: center;\" width=\"287\"><img loading=\"lazy\" class=\"alignnone size-full wp-image-981\" title=\"Ilumaja\" src=\"http:\/\/alexmaja.ee\/alexmaja\/wp-content\/uploads\/2011\/01\/Ilumaja1.jpg\" alt=\"\" width=\"259\" height=\"99\" \/><\/p>\n<div>\n<p><strong><span style=\"color: #339966;\">Ma-Pe 8-18<\/span><\/strong><br \/>\n<strong><span style=\"color: #339966;\">L 8-16<br \/>\nSu &#8211; suljettu<\/span><\/strong><\/p>\n<p><span style=\"color: #800000;\"><strong>ILUMAJA O\u00dc<\/strong><\/span><br \/>\n<strong><span style=\"color: #339966;\">Reg nr 11362025<\/span><\/strong><br \/>\n<strong><span style=\"color: #339966;\">Kuninga tn 20<\/span><\/strong><br \/>\n<strong><span style=\"color: #339966;\">80011 P\u00e4rnu<\/span><\/strong><\/p>\n<p><strong><span style=\"color: #003300;\">Puhelin: +372 443 1511<\/span><\/strong><br \/>\n<strong><span style=\"color: #003300;\">S\u00e4hkoposti: ilumajajuuksur@gmail.com<\/span><\/strong><\/p>\n<\/div>\n<\/td>\n<td width=\"1\"><\/td>\n<\/tr>\n<\/tbody>\n<\/table>\n<p><strong style=\"font-size: inherit; text-align: center; font-family: inherit;\"><span style=\"color: #003a2e; font-size: x-large;\">Kauneushoitolan palvelut<\/span><\/strong><\/p>\n<p><strong style=\"color: #000000; font-size: inherit; font-family: inherit;\"><br \/>\nMiesten ja naisten parturi-kampaamo<\/strong><\/p>\n<p><span style=\"color: #000000;\">Hiusten pesu, leikkaus, kampaus<\/span><br \/>\n<span style=\"color: #000000;\">Miesten hiuksenleikkaus\u00a0 \u00a0 \u00a0 \u00a0 \u00a0<\/span><br \/>\n<span style=\"color: #000000;\">Lasten hiustenleikkaus<\/span><br \/>\n<span style=\"color: #000000;\">Kampaus\u00a0 \u00a0 \u00a0 \u00a0 \u00a0 \u00a0 \u00a0 \u00a0 \u00a0 \u00a0<\/span><br \/>\n<span style=\"color: #000000;\">Morsiamen kampaus\u00a0 \u00a0 \u00a0 \u00a0 \u00a0 \u00a0 \u00a0 \u00a0 \u00a0\u00a0<\/span><br \/>\n<span style=\"color: #000000;\">V\u00e4rj\u00e4ys, leikkaus, kuivaus\u00a0 \u00a0 \u00a0 \u00a0 \u00a0<\/span><br \/>\n<span style=\"color: #000000;\">Raidoittaminen, leikkaus, kuivaus\u00a0\u00a0<\/span><br \/>\n<span style=\"color: #000000;\">Permanentti, leikkaus, kuivaus<\/span><\/p>\n<p><strong><span style=\"color: #000000;\">Hinnat ja aikatalun tiedot Ilmumajan puhelinnumerolta tai s\u00e4hkopostin kautta.<\/span><\/strong><\/p>\n<p><span style=\"color: #000000;\">\u00a0<\/span><\/td>\n<\/tr>\n<\/tbody>\n<\/table>\n","protected":false},"excerpt":{"rendered":"<p>Ma-Pe 8-18 L 8-16 Su &#8211; suljettu ILUMAJA O\u00dc Reg nr 11362025 Kuninga tn 20 80011 P\u00e4rnu Puhelin: +372 443 1511 S\u00e4hkoposti: ilumajajuuksur@gmail.com Kauneushoitolan palvelut Miesten ja naisten parturi-kampaamo Hiusten pesu, leikkaus, kampaus Miesten hiuksenleikkaus\u00a0 \u00a0 \u00a0 \u00a0 \u00a0 Lasten &hellip; <a href=\"http:\/\/alexmaja.ee\/alexmaja\/?page_id=263&amp;lang=fi\">J\u00e4tka lugemist <span class=\"meta-nav\">&rarr;<\/span><\/a><\/p>\n","protected":false},"author":4,"featured_media":0,"parent":0,"menu_order":4,"comment_status":"closed","ping_status":"closed","template":"","meta":[],"_links":{"self":[{"href":"http:\/\/alexmaja.ee\/alexmaja\/index.php?rest_route=\/wp\/v2\/pages\/263"}],"collection":[{"href":"http:\/\/alexmaja.ee\/alexmaja\/index.php?rest_route=\/wp\/v2\/pages"}],"about":[{"href":"http:\/\/alexmaja.ee\/alexmaja\/index.php?rest_route=\/wp\/v2\/types\/page"}],"author":[{"embeddable":true,"href":"http:\/\/alexmaja.ee\/alexmaja\/index.php?rest_route=\/wp\/v2\/users\/4"}],"replies":[{"embeddable":true,"href":"http:\/\/alexmaja.ee\/alexmaja\/index.php?rest_route=%2Fwp%2Fv2%2Fcomments&post=263"}],"version-history":[{"count":30,"href":"http:\/\/alexmaja.ee\/alexmaja\/index.php?rest_route=\/wp\/v2\/pages\/263\/revisions"}],"predecessor-version":[{"id":6607,"href":"http:\/\/alexmaja.ee\/alexmaja\/index.php?rest_route=\/wp\/v2\/pages\/263\/revisions\/6607"}],"wp:attachment":[{"href":"http:\/\/alexmaja.ee\/alexmaja\/index.php?rest_route=%2Fwp%2Fv2%2Fmedia&parent=263"}],"curies":[{"name":"wp","href":"https:\/\/api.w.org\/{rel}","templated":true}]}}