{"id":1267,"date":"2011-02-01T13:54:34","date_gmt":"2011-02-01T13:54:34","guid":{"rendered":"http:\/\/alexmaja.ee\/alexmaja\/?page_id=1267"},"modified":"2012-06-08T11:43:26","modified_gmt":"2012-06-08T11:43:26","slug":"%d0%b7%d0%b0%d0%ba%d0%b0%d0%b7%d0%b0%d1%82%d1%8c-%d0%bd%d0%be%d0%bc%d0%b5%d1%80","status":"publish","type":"page","link":"http:\/\/alexmaja.ee\/alexmaja\/?page_id=1267&amp;lang=ru","title":{"rendered":"\u0417\u0430\u043a\u0430\u0437\u0430\u0442\u044c \u043d\u043e\u043c\u0435\u0440"},"content":{"rendered":"<table style=\"width: 900px; height: 100%;\" border=\"0\" cellspacing=\"0\" align=\"center\">\n<tbody>\n<tr>\n<td style=\"width: 900px; height: 100%;\">\n<table style=\"width: 870px; height: 316px;\" border=\"0\" cellspacing=\"0\" align=\"left\">\n<tbody>\n<tr>\n<td style=\"background-color: #63493b; margin-bottom: 600px;\" width=\"287\"><span style=\"font-family: georgia,serif;\"><span style=\"color: #ffffff;\"><span style=\"font-size: 14px;\">P.S Tegemist ei ole broneeringu- vaid p\u00e4ringuga. Saadame 24h jooksul tellimuskinnituse v\u00f5i v\u00f5tame \u00fchendust! <\/span><\/span><\/span><\/p>\n<p>P.S. Kui te soovite broneerida rohkem kui \u00fche toa, siis kirjutage selle kohta teade tekstiv\u00e4ljale.<\/p>\n<p style=\"text-align: center;\">\n[photosmash id=15]<\/td>\n<td width=\"1\"><\/td>\n<td style=\"width: 550px; height: 100%;\"><span lang=\"EN\">\n\n<!-- Fast Secure Contact Form plugin 4.0.45 - begin - FastSecureContactForm.com -->\r\n<div style=\"clear:both;\"><\/div>\n<p style=\"color:black;\"> Inquiry<\/p>\r\n<div id=\"FSContact5\" style=\"width:99%; max-width:555px;\">\r\n<form action=\"http:\/\/alexmaja.ee\/alexmaja\/?lang=ru%2Findex.php&#038;rest_route=%2Fwp%2Fv2%2Fpages%2F1267#FSContact5\" id=\"fscf_form5\" method=\"post\">\r\n\n<div id=\"fscf_div_clear5_0\" style=\"clear:both;\">\n  <div id=\"fscf_div_field5_0\" style=\"clear:left; float:left; width:99%; max-width:550px; margin-right:10px;\">\r\n    <div style=\"text-align:left; padding-top:5px;\">\n      <label style=\"text-align:left; color:#181515;\" for=\"fscf_name5\">Name:<span style=\"text-align:left;\">*<\/span><\/label>\n    <\/div>\r\n    <div style=\"text-align:left;\">\r\n      <input style=\"text-align:left; margin:0; width:99%; max-width:250px;\" type=\"text\" id=\"fscf_name5\" name=\"full_name\" value=\"\"  \/>\r\n    <\/div>\r\n  <\/div>\n<\/div>\n\n<div id=\"fscf_div_clear5_1\" style=\"clear:both;\">\n  <div id=\"fscf_div_field5_1\" style=\"clear:left; float:left; width:99%; max-width:550px; margin-right:10px;\">\n    <div style=\"text-align:left; padding-top:5px;\">\n      <label style=\"text-align:left; color:#181515;\" for=\"fscf_email5\">Email:<span style=\"text-align:left;\">*<\/span><\/label>\n    <\/div>\n    <div style=\"text-align:left;\">\n      <input style=\"text-align:left; margin:0; width:99%; max-width:250px;\" type=\"text\" id=\"fscf_email5\" name=\"email\" value=\"\"  \/>\n    <\/div>\n  <\/div>\n<\/div>\n\n<div id=\"fscf_div_clear5_10\" style=\"clear:both;\">\n  <div id=\"fscf_div_field5_10\" style=\"clear:left; float:left; width:99%; max-width:550px; margin-right:10px;\">\n    <div  id=\"fscf_label5_10\" style=\"text-align:left; padding-top:5px;\">\r\n      <label style=\"text-align:left; color:#181515;\" for=\"fscf_field5_10\">Phone:<\/label>\n    <\/div>\n    <div style=\"text-align:left;\">\n      <input style=\"text-align:left; margin:0; width:99%; max-width:250px;\" type=\"text\" id=\"fscf_field5_10\" name=\"phone\" value=\"\"  \/>\n    <\/div>\n  <\/div>\n<\/div>\n\n<div id=\"fscf_div_clear5_12\" style=\"clear:both;\">\n  <div id=\"fscf_div_field5_12\" style=\"clear:left; float:left; width:99%; max-width:550px; margin-right:10px;\">\n    <div  id=\"fscf_label5_12\" style=\"text-align:left; padding-top:5px;\">\r\n      <label style=\"text-align:left; color:#181515;\" for=\"fscf_field5_12\">Address:<\/label>\n    <\/div>\n    <div style=\"text-align:left;\">\n      <input style=\"text-align:left; margin:0; width:99%; max-width:250px;\" type=\"text\" id=\"fscf_field5_12\" name=\"address\" value=\"\"  \/>\n    <\/div>\n  <\/div>\n<\/div>\n\n<div id=\"fscf_div_clear5_4\" style=\"clear:both;\">\n  <div id=\"fscf_div_field5_4\" style=\"clear:left; float:left; width:99%; max-width:550px; margin-right:10px;\">\n    <div  id=\"fscf_label5_4\" style=\"text-align:left; padding-top:5px;\">\r\n      <label style=\"text-align:left; color:#181515;\" for=\"fscf_field5_4\">Country:<span style=\"text-align:left;\">*<\/span><\/label>\n    <\/div>\n    <div style=\"text-align:left;\">\n      <input style=\"text-align:left; margin:0; width:99%; max-width:250px;\" type=\"text\" id=\"fscf_field5_4\" name=\"country\" value=\"\"  \/>\n    <\/div>\n  <\/div>\n<\/div>\n\n<div id=\"fscf_div_clear5_7\" style=\"clear:both;\">\n  <div id=\"fscf_div_field5_7\" style=\"clear:left; float:left; width:99%; max-width:550px; margin-right:10px;\">\n    <div  id=\"fscf_label5_7\" style=\"text-align:left; padding-top:5px;\">\r\n      <label style=\"text-align:left; color:#181515;\" for=\"fscf_field5_7\">Select Room type:<span style=\"text-align:left;\">*<\/span><\/label>\n    <\/div>\n    <div style=\"text-align:left;\">\n      <select style=\"text-align:left;\" id=\"fscf_field5_7\" name=\"select-room-type[]\">\n        <option value=\"1\">Single room<\/option>\n        <option value=\"2\">Double\/Twin room<\/option>\n        <option value=\"3\">Junior suite<\/option>\n        <option value=\"4\">Penthouse<\/option>\n        <option value=\"5\">Apartment with sauna<\/option>\n        <option value=\"6\">Suite with sauna and jacuzzi<\/option>\n      <\/select>\n    <\/div>\n  <\/div>\n<\/div>\n\n<div id=\"fscf_div_clear5_5\" style=\"clear:both;\">\n  <div id=\"fscf_div_field5_5\" style=\"clear:left; float:left; width:99%; max-width:550px; margin-right:10px;\">\n    <div  id=\"fscf_label5_5\" style=\"text-align:left; padding-top:5px;\">\r\n      <label style=\"text-align:left; color:#181515;\" for=\"fscf_field5_5\">Arrival date:<span style=\"text-align:left;\">*<\/span><\/label>\n    <\/div>\n    <div style=\"text-align:left;\">\n      <input style=\"text-align:left; margin:0; width:99%; max-width:250px;\" type=\"text\" id=\"fscf_field5_5\" name=\"arrival-date\" value=\"mm\/dd\/yyyy\"  size=\"15\"  \/>\n    <\/div>\n  <\/div>\n<\/div>\n\n<div id=\"fscf_div_clear5_8\" style=\"clear:both;\">\n  <div id=\"fscf_div_field5_8\" style=\"clear:left; float:left; width:99%; max-width:550px; margin-right:10px;\">\n    <div  id=\"fscf_label5_8\" style=\"text-align:left; padding-top:5px;\">\r\n      <label style=\"text-align:left; color:#181515;\" for=\"fscf_field5_8\">Departure date:<span style=\"text-align:left;\">*<\/span><\/label>\n    <\/div>\n    <div style=\"text-align:left;\">\n      <input style=\"text-align:left; margin:0; width:99%; max-width:250px;\" type=\"text\" id=\"fscf_field5_8\" name=\"departure-date\" value=\"mm\/dd\/yyyy\"  size=\"15\"  \/>\n    <\/div>\n  <\/div>\n<\/div>\n\n<div id=\"fscf_div_clear5_3\" style=\"clear:both;\">\n  <div id=\"fscf_div_field5_3\" style=\"clear:left; float:left; width:99%; max-width:550px; margin-right:10px;\">\n    <div style=\"text-align:left; padding-top:5px;\">\n      <label style=\"text-align:left; color:#181515;\" for=\"fscf_field5_3\">Message:<\/label>\n    <\/div>\n    <div style=\"text-align:left;\">\n      <textarea style=\"text-align:left; margin:0; width:99%; max-width:250px; height:120px;\" id=\"fscf_field5_3\" name=\"message\" cols=\"30\" rows=\"10\" ><\/textarea>\n    <\/div>\n  <\/div>\n<\/div>\r\n<div style=\"clear:both;\"><\/div>\n\n<div id=\"fscf_submit_div5\" style=\"text-align:left; clear:both; padding-top:15px;\">\r\n\t\t<input type=\"submit\" id=\"fscf_submit5\" style=\"cursor:pointer; margin:0;\" value=\"Submit\"  onclick=\"this.disabled=true; this.value='Submitting...'; this.form.submit();\" \/> \n<\/div>\n\n<input type=\"hidden\" name=\"fscf_submitted\" value=\"0\" \/>\n<input type=\"hidden\" name=\"fs_postonce_5\" value=\"1874d94d3bee39819118a0d6ae1c554c,1775959751\" \/>\n<input type=\"hidden\" name=\"si_contact_action\" value=\"send\" \/>\n<input type=\"hidden\" name=\"form_id\" value=\"5\" \/>\n<input type=\"hidden\" name=\"mailto_id\" value=\"1\" \/>\n\n<\/form>\n<\/div>\r\n<div style=\"clear:both;\"><\/div>\n\n<!-- Fast Secure Contact Form plugin 4.0.45 - end - FastSecureContactForm.com -->\n<\/span><\/td>\n<\/tr>\n<\/tbody>\n<\/table>\n<\/td>\n<\/tr>\n<\/tbody>\n<\/table>\n","protected":false},"excerpt":{"rendered":"<p>P.S Tegemist ei ole broneeringu- vaid p\u00e4ringuga. Saadame 24h jooksul tellimuskinnituse v\u00f5i v\u00f5tame \u00fchendust! P.S. Kui te soovite broneerida rohkem kui \u00fche toa, siis kirjutage selle kohta teade tekstiv\u00e4ljale. [photosmash id=15]<\/p>\n","protected":false},"author":2,"featured_media":0,"parent":249,"menu_order":5,"comment_status":"closed","ping_status":"closed","template":"","meta":[],"_links":{"self":[{"href":"http:\/\/alexmaja.ee\/alexmaja\/index.php?rest_route=\/wp\/v2\/pages\/1267"}],"collection":[{"href":"http:\/\/alexmaja.ee\/alexmaja\/index.php?rest_route=\/wp\/v2\/pages"}],"about":[{"href":"http:\/\/alexmaja.ee\/alexmaja\/index.php?rest_route=\/wp\/v2\/types\/page"}],"author":[{"embeddable":true,"href":"http:\/\/alexmaja.ee\/alexmaja\/index.php?rest_route=\/wp\/v2\/users\/2"}],"replies":[{"embeddable":true,"href":"http:\/\/alexmaja.ee\/alexmaja\/index.php?rest_route=%2Fwp%2Fv2%2Fcomments&post=1267"}],"version-history":[{"count":6,"href":"http:\/\/alexmaja.ee\/alexmaja\/index.php?rest_route=\/wp\/v2\/pages\/1267\/revisions"}],"predecessor-version":[{"id":3248,"href":"http:\/\/alexmaja.ee\/alexmaja\/index.php?rest_route=\/wp\/v2\/pages\/1267\/revisions\/3248"}],"up":[{"embeddable":true,"href":"http:\/\/alexmaja.ee\/alexmaja\/index.php?rest_route=\/wp\/v2\/pages\/249"}],"wp:attachment":[{"href":"http:\/\/alexmaja.ee\/alexmaja\/index.php?rest_route=%2Fwp%2Fv2%2Fmedia&parent=1267"}],"curies":[{"name":"wp","href":"https:\/\/api.w.org\/{rel}","templated":true}]}}