{"id":279,"date":"2011-01-15T11:41:56","date_gmt":"2011-01-15T11:41:56","guid":{"rendered":"http:\/\/alexmaja.ee\/alexmaja\/?page_id=279"},"modified":"2012-06-08T11:43:36","modified_gmt":"2012-06-08T11:43:36","slug":"%d0%ba%d0%be%d0%bd%d1%82%d0%b0%d0%ba%d1%82%d1%8b","status":"publish","type":"page","link":"http:\/\/alexmaja.ee\/alexmaja\/?page_id=279&amp;lang=ru","title":{"rendered":"\u041a\u043e\u043d\u0442\u0430\u043a\u0442\u044b"},"content":{"rendered":"[photosmash id=7]\n<table style=\"width: 900px; height: 100%;\" border=\"0\" cellspacing=\"0\" align=\"center\">\n<tbody>\n<tr>\n<td style=\"width: 900px; height: 100%;\">\n<table style=\"width: 300px; height: 316px;\" border=\"0\" cellspacing=\"0\" align=\"left\">\n<tbody>\n<tr>\n<td style=\"background-color: #1d110b; text-align: center;\" width=\"287\"><span style=\"color: #ffffff;\">Alexmaja O\u00dc<br \/>\nReg. nr. 11494821<br \/>\nKuninga 20, P\u00e4rnu 80010,<br \/>\n<a href=\"mailto:info@alexmaja.ee\">info@alexmaja.ee<\/a> <a href=\"http:\/\/www.alexmaja.ee\"><br \/>\nwww.alexmaja.ee<br \/>\n<\/a><br \/>\nTel.: +372 44 61 866<br \/>\nFaks: +372 44 61 867<\/span><\/td>\n<td width=\"1\"><\/td>\n<\/tr>\n<\/tbody>\n<\/table>\n<p><iframe width=\"540\" height=\"316\" frameborder=\"0\" scrolling=\"no\" marginheight=\"0\" marginwidth=\"0\" src=\"http:\/\/maps.google.com\/maps?f=q&amp;source=s_q&amp;hl=en&amp;geocode=&amp;q=Kuninga 20, P\u00e4rnu, 80011 P\u00e4rnumaa, Estonia&amp;ie=UTF8&amp;hq=&amp;hnear=Kuninga 20, P\u00e4rnu, 80011 P\u00e4rnumaa, Estonia&amp;z=11&amp;output=embed\"><\/iframe><br \/><small><a href=\"http:\/\/maps.google.com\/maps?f=q&amp;source=embed&amp;hl=en&amp;geocode=&amp;q=Kuninga 20, P\u00e4rnu, 80011 P\u00e4rnumaa, Estonia&amp;ie=UTF8&amp;hq=&amp;hnear=Kuninga 20, P\u00e4rnu, 80011 P\u00e4rnumaa, Estonia&amp;z=11\" style=\"color:#0000FF;text-align:left\">View Larger Map<\/a><\/small> \n\n<!-- Fast Secure Contact Form plugin 4.0.45 - begin - FastSecureContactForm.com -->\r\n<div style=\"clear:both;\"><\/div>\n<p style=\"color:black;\">Comments or questions are welcome!<\/p>\r\n<div id=\"FSContact3\" style=\"width:99%; max-width:555px;\">\r\n<form action=\"http:\/\/alexmaja.ee\/alexmaja\/?lang=ru%2Findex.php&#038;rest_route=%2Fwp%2Fv2%2Fpages%2F279#FSContact3\" id=\"fscf_form3\" method=\"post\">\r\n\n<div id=\"fscf_div_clear3_0\" style=\"clear:both;\">\n  <div id=\"fscf_div_field3_0\" style=\"clear:left; float:left; width:99%; max-width:550px; margin-right:10px;\">\r\n    <div style=\"text-align:left; padding-top:5px;\">\n      <label style=\"text-align:left; color:#181515;\" for=\"fscf_name3\">Name:<span style=\"text-align:left;\">*<\/span><\/label>\n    <\/div>\r\n    <div style=\"text-align:left;\">\r\n      <input style=\"text-align:left; margin:0; width:99%; max-width:250px;\" type=\"text\" id=\"fscf_name3\" name=\"full_name\" value=\"\"  \/>\r\n    <\/div>\r\n  <\/div>\n<\/div>\n\n<div id=\"fscf_div_clear3_1\" style=\"clear:both;\">\n  <div id=\"fscf_div_field3_1\" style=\"clear:left; float:left; width:99%; max-width:550px; margin-right:10px;\">\n    <div style=\"text-align:left; padding-top:5px;\">\n      <label style=\"text-align:left; color:#181515;\" for=\"fscf_email3\">Email:<span style=\"text-align:left;\">*<\/span><\/label>\n    <\/div>\n    <div style=\"text-align:left;\">\n      <input style=\"text-align:left; margin:0; width:99%; max-width:250px;\" type=\"text\" id=\"fscf_email3\" name=\"email\" value=\"\"  \/>\n    <\/div>\n  <\/div>\n<\/div>\n\n<div id=\"fscf_div_clear3_4\" style=\"clear:both;\">\n  <div id=\"fscf_div_field3_4\" style=\"clear:left; float:left; width:99%; max-width:550px; margin-right:10px;\">\n    <div  id=\"fscf_label3_4\" style=\"text-align:left; padding-top:5px;\">\r\n      <label style=\"text-align:left; color:#181515;\" for=\"fscf_field3_4\">Phone:<span style=\"text-align:left;\">*<\/span><\/label>\n    <\/div>\n    <div style=\"text-align:left;\">\n      <input style=\"text-align:left; margin:0; width:99%; max-width:250px;\" type=\"text\" id=\"fscf_field3_4\" name=\"phone\" value=\"\"  \/>\n    <\/div>\n  <\/div>\n<\/div>\n\n<div id=\"fscf_div_clear3_3\" style=\"clear:both;\">\n  <div id=\"fscf_div_field3_3\" style=\"clear:left; float:left; width:99%; max-width:550px; margin-right:10px;\">\n    <div style=\"text-align:left; padding-top:5px;\">\n      <label style=\"text-align:left; color:#181515;\" for=\"fscf_field3_3\">Message:<span style=\"text-align:left;\">*<\/span><\/label>\n    <\/div>\n    <div style=\"text-align:left;\">\n      <textarea style=\"text-align:left; margin:0; width:99%; max-width:250px; height:120px;\" id=\"fscf_field3_3\" name=\"message\" cols=\"30\" rows=\"10\" ><\/textarea>\n    <\/div>\n  <\/div>\n<\/div>\r\n<div style=\"clear:both;\"><\/div>\n\n<div style=\"text-align:left; padding-top:5px;\">\n<\/div>\n<div id=\"fscf_captcha_image_div3\" style=\"width:175px; height:50px; padding-top:2px;\">\n      <img id=\"fscf_captcha_image3\" style=\"border-style:none; margin:0; padding:0px; padding-right:5px; float:left;\" src=\"http:\/\/alexmaja.ee\/alexmaja\/wp-content\/plugins\/si-contact-form\/captcha\/securimage_show.php?ctf_sm_captcha=1&amp;prefix=0MAeA1B9DUhcgqp7\" width=\"132\" height=\"45\" alt=\"CAPTCHA\" title=\"CAPTCHA\" \/>\n      <input id=\"fscf_captcha_prefix3\" type=\"hidden\" name=\"fscf_captcha_prefix3\" value=\"0MAeA1B9DUhcgqp7\" \/>\n     <div id=\"fscf_captcha_refresh3\">\n        <a href=\"#\" rel=\"nofollow\" title=\"Refresh\" onclick=\"fscf_captcha_refresh('3','\/alexmaja\/wp-content\/plugins\/si-contact-form\/captcha','http:\/\/alexmaja.ee\/alexmaja\/wp-content\/plugins\/si-contact-form\/captcha\/securimage_show.php?ctf_sm_captcha=1&amp;prefix='); return false;\">\n        <img src=\"http:\/\/alexmaja.ee\/alexmaja\/wp-content\/plugins\/si-contact-form\/captcha\/images\/refresh.png\" width=\"22\" height=\"20\" alt=\"Refresh\" style=\"border-style:none; margin:0; padding:0px; vertical-align:bottom;\" onclick=\"this.blur();\" \/><\/a>\r\n     <\/div>\r\n<\/div>\r\n\r\n<div id=\"fscf_captcha_field3\" style=\"text-align:left; padding-top:5px;\">\r\n     <label style=\"text-align:left; color:#181515;\" for=\"fscf_captcha_code3\">CAPTCHA Code:<span style=\"text-align:left;\">*<\/span><\/label>\r\n<\/div>\r\n<div style=\"text-align:left;\">\n     <input style=\"text-align:left; margin:0; width:50px;\" type=\"text\" value=\"\" autocomplete=\"off\" id=\"fscf_captcha_code3\" name=\"captcha_code\"  \/>\n<\/div>\n\n<div id=\"fscf_submit_div3\" style=\"text-align:left; clear:both; padding-top:15px;\">\r\n\t\t<input type=\"submit\" id=\"fscf_submit3\" style=\"cursor:pointer; margin:0;\" value=\"Submit\"  onclick=\"this.disabled=true; this.value='Submitting...'; this.form.submit();\" \/> \n<\/div>\n\n<input type=\"hidden\" name=\"fscf_submitted\" value=\"0\" \/>\n<input type=\"hidden\" name=\"fs_postonce_3\" value=\"5cba114631806fa4d54ab18cdc77c94d,1775964692\" \/>\n<input type=\"hidden\" name=\"si_contact_action\" value=\"send\" \/>\n<input type=\"hidden\" name=\"form_id\" value=\"3\" \/>\n<input type=\"hidden\" name=\"mailto_id\" value=\"1\" \/>\n\n<\/form>\n<\/div>\r\n<div style=\"clear:both;\"><\/div>\n\n<!-- Fast Secure Contact Form plugin 4.0.45 - end - FastSecureContactForm.com -->\n<\/td>\n<\/tr>\n<\/tbody>\n<\/table>\n","protected":false},"excerpt":{"rendered":"<p>[photosmash id=7] Alexmaja O\u00dc Reg. nr. 11494821 Kuninga 20, P\u00e4rnu 80010, info@alexmaja.ee www.alexmaja.ee Tel.: +372 44 61 866 Faks: +372 44 61 867 View Larger Map<\/p>\n","protected":false},"author":4,"featured_media":0,"parent":0,"menu_order":6,"comment_status":"closed","ping_status":"closed","template":"","meta":[],"_links":{"self":[{"href":"http:\/\/alexmaja.ee\/alexmaja\/index.php?rest_route=\/wp\/v2\/pages\/279"}],"collection":[{"href":"http:\/\/alexmaja.ee\/alexmaja\/index.php?rest_route=\/wp\/v2\/pages"}],"about":[{"href":"http:\/\/alexmaja.ee\/alexmaja\/index.php?rest_route=\/wp\/v2\/types\/page"}],"author":[{"embeddable":true,"href":"http:\/\/alexmaja.ee\/alexmaja\/index.php?rest_route=\/wp\/v2\/users\/4"}],"replies":[{"embeddable":true,"href":"http:\/\/alexmaja.ee\/alexmaja\/index.php?rest_route=%2Fwp%2Fv2%2Fcomments&post=279"}],"version-history":[{"count":7,"href":"http:\/\/alexmaja.ee\/alexmaja\/index.php?rest_route=\/wp\/v2\/pages\/279\/revisions"}],"predecessor-version":[{"id":3251,"href":"http:\/\/alexmaja.ee\/alexmaja\/index.php?rest_route=\/wp\/v2\/pages\/279\/revisions\/3251"}],"wp:attachment":[{"href":"http:\/\/alexmaja.ee\/alexmaja\/index.php?rest_route=%2Fwp%2Fv2%2Fmedia&parent=279"}],"curies":[{"name":"wp","href":"https:\/\/api.w.org\/{rel}","templated":true}]}}